{"id":1328,"date":"2026-04-08T12:36:31","date_gmt":"2026-04-08T10:36:31","guid":{"rendered":"https:\/\/www.quefaitesvous.com\/blog\/?page_id=1328"},"modified":"2026-04-08T14:40:13","modified_gmt":"2026-04-08T12:40:13","slug":"configurer-un-mcp-dans-gpt-pour-jouer-une-avh-livre-jeu-avec-une-ia-meneur-de-jeu","status":"publish","type":"page","link":"https:\/\/www.quefaitesvous.com\/blog\/configurer-un-mcp-dans-gpt-pour-jouer-une-avh-livre-jeu-avec-une-ia-meneur-de-jeu\/","title":{"rendered":"Configurer un MCP dans GPT pour jouer une AVH Livre jeu avec une IA meneur de jeu"},"content":{"rendered":"<p>Ce service est exp\u00e9rimental&#8230;<\/p>\n<h2>Objectif : vous faire faire jouer une fiction interactive par votre IA<\/h2>\n<p>L&rsquo;id\u00e9e est que votre Intelligence Artificielle (ici GPT) se transforme en \u00ab\u00a0Ma\u00eetre du Jeu\u00a0\u00bb pour vous faire jouer le r\u00e9cit.<\/p>\n<p>Il n&rsquo;est pas possible de donner simplement l&rsquo;enti\u00e8ret\u00e9 d&rsquo;un r\u00e9cit dont vous \u00eates le h\u00e9ros \u00e0 une IA et qu&rsquo;elle vous le joue directement. Il faut donc que l&rsquo;IA acc\u00e8de au contenu section par section .<\/p>\n<p>Nous ouvrons donc ce service MCP \u00e0 ceux qui veulent essayer.<\/p>\n<p>&nbsp;<\/p>\n<h2>C&rsquo;est quoi un MCP ?<\/h2>\n<p>Le MCP est un protocole pour standardiser l&rsquo;acc\u00e8s \u00e0 des services par une IA. Je ne vais pas entrer dans les d\u00e9tails techniques, mais globalement, le MCP de QueFaitesVous expose les services suivants, sans authentification :<\/p>\n<p>&#8211; Liste des AVH jouables par IA<br \/>\n&#8211; Ouvrir une session de lecture<br \/>\n&#8211; Demander le texte suivant un choix<br \/>\n&#8211; poser une question et donner sa r\u00e9ponse (Serious Game)<br \/>\n&#8211; d\u00e9finir des pr\u00e9f\u00e9rences utilisateur.<\/p>\n<p>&nbsp;<\/p>\n<h2>Quel est l&rsquo;int\u00e9r\u00eat de faire jouer une fiction interactive par une IA ?<\/h2>\n<p>Mon objectif est surtout d&rsquo;explorer les possibilit\u00e9s que cela ouvre (ou ferme). En l\u2019occurrence, je voulais tester :<\/p>\n<ul>\n<li>Changer le genre du h\u00e9ros et que l&rsquo;IA adapte toutes les conjugaisons (et le nom du h\u00e9ros).<\/li>\n<li>Changer la langue du r\u00e9cit.<\/li>\n<\/ul>\n<p>Il y a \u00e9norm\u00e9ment de choses \u00e0 imaginer, mais je commence simple. En effet, l&rsquo;obstacle technique est \u00e9norme :\u00a0 limiter et contr\u00f4ler \u00ab\u00a0l&rsquo;inventivit\u00e9\u00a0\u00bb de l&rsquo;IA. Elle doit obligatoirement respecter le texte !<\/p>\n<p>&nbsp;<\/p>\n<h2>Comment configurer le MCP sur ChatGPT ?<\/h2>\n<p><strong>Adresse du MCP :<\/strong> https:\/\/www.quefaitesvous.com\/mcp-mj<\/p>\n<ol>\n<li>Cliquez sur votre nom en bas \u00e0 gauche, puis \u00ab\u00a0<strong>Param\u00e8tres<\/strong>\u00ab\u00a0<\/li>\n<li>Dans \u00ab\u00a0<strong>Param\u00e8tres<\/strong>\u00a0\u00bb -&gt; \u00ab\u00a0<strong>Applications<\/strong>\u00ab\u00a0<\/li>\n<li>Dans \u00ab\u00a0<strong>Applications<\/strong>\u00a0\u00bb -&gt; \u00ab\u00a0<strong>Param\u00e8tres avanc\u00e9s<\/strong>\u00ab\u00a0<\/li>\n<li>Activez le mode \u00ab\u00a0<strong>d\u00e9veloppeur<\/strong>\u00ab\u00a0.\n<ol>\n<li>Il suffit de revenir le d\u00e9sactiver quand vous avez termin\u00e9<\/li>\n<\/ol>\n<\/li>\n<li>A pr\u00e9sent, dans \u00ab\u00a0<strong>Applications<\/strong>\u00a0\u00bb vous pouvez cliquer \u00ab\u00a0<strong>Cr\u00e9er une appli<\/strong>\u00ab\u00a0<\/li>\n<\/ol>\n<p><img loading=\"lazy\" decoding=\"async\" class=\"alignnone size-full wp-image-1329\" src=\"https:\/\/www.quefaitesvous.com\/blog\/wp-content\/uploads\/2026\/04\/mcp-gpt.png\" alt=\"\" width=\"452\" height=\"748\" srcset=\"https:\/\/www.quefaitesvous.com\/blog\/wp-content\/uploads\/2026\/04\/mcp-gpt.png 452w, https:\/\/www.quefaitesvous.com\/blog\/wp-content\/uploads\/2026\/04\/mcp-gpt-181x300.png 181w\" sizes=\"auto, (max-width: 452px) 100vw, 452px\" \/><\/p>\n<p>Et voil\u00e0 ! Vous n&rsquo;aurez pas \u00e0 refaire cette proc\u00e9dure.<\/p>\n<p><strong>Attention :<\/strong> <strong>Il faut \u00eatre en mode \u00ab\u00a0d\u00e9veloppeur\u00a0\u00bb pour pouvoir utiliser les MCP.<\/strong><\/p>\n<p>&nbsp;<\/p>\n<p>&nbsp;<\/p>\n<h2>Ouvrir une session de lecture<\/h2>\n<p>Vous \u00eates en mode d\u00e9veloppeur et le MCP est bien enregistr\u00e9 dans vos applications.<\/p>\n<p>Un prompt simple : \u00a0\u00bb <strong>Utilise le MCP QFV-MJ pour me donner la liste des AVH jouables<\/strong> \u00a0\u00bb<\/p>\n<p>=&gt; il doit faire appel \u00e0 l&rsquo;outil et vous\u00a0 donner la liste des AVH (limit\u00e9e \u00e0 la collection \u00ab\u00a0jeunesse\u00a0\u00bb)<\/p>\n<p>Ensuite, par exemple :<\/p>\n<ul>\n<li>Fais-moi jouer L\u00e9on<\/li>\n<li>Fais-moi jouer L\u00e9on, mais avec un h\u00e9ros f\u00e9minin \u00ab\u00a0L\u00e9onie\u00a0\u00bb<\/li>\n<li>Fais-moi jouer l&rsquo;aventure en anglais (ou autre langue)<\/li>\n<\/ul>\n<p>&nbsp;<\/p>\n<p>&nbsp;<\/p>\n<h2>Conclusion<\/h2>\n<p>Pas de conclusion pour l&rsquo;instant&#8230; l&rsquo;exploration continue !<\/p>\n<p>Merci de me d\u00e9crire, par mail, les cas o\u00f9 votre IA a fait n&rsquo;importe quoi ! =&gt; pj@quefaitesvous.com<\/p>\n","protected":false},"excerpt":{"rendered":"<p>Ce service est exp\u00e9rimental&#8230; Objectif : vous faire faire jouer une fiction interactive par votre IA L&rsquo;id\u00e9e est que votre Intelligence Artificielle (ici GPT) se transforme en \u00ab\u00a0Ma\u00eetre du Jeu\u00a0\u00bb pour vous faire jouer le r\u00e9cit. Il n&rsquo;est pas possible de donner simplement l&rsquo;enti\u00e8ret\u00e9 d&rsquo;un r\u00e9cit dont vous \u00eates le h\u00e9ros \u00e0 une IA et [&hellip;]<\/p>\n","protected":false},"author":1,"featured_media":0,"parent":0,"menu_order":0,"comment_status":"closed","ping_status":"closed","template":"","meta":{"footnotes":""},"class_list":["post-1328","page","type-page","status-publish","hentry"],"yoast_head":"<!-- This site is optimized with the Yoast SEO plugin v26.5 - https:\/\/yoast.com\/wordpress\/plugins\/seo\/ -->\n<title>Configurer un MCP dans GPT pour jouer une AVH Livre jeu avec une IA meneur de jeu - QueFaitesVous<\/title>\n<meta name=\"robots\" content=\"index, follow, max-snippet:-1, max-image-preview:large, max-video-preview:-1\" \/>\n<link rel=\"canonical\" href=\"https:\/\/www.quefaitesvous.com\/blog\/configurer-un-mcp-dans-gpt-pour-jouer-une-avh-livre-jeu-avec-une-ia-meneur-de-jeu\/\" \/>\n<meta property=\"og:locale\" content=\"fr_FR\" \/>\n<meta property=\"og:type\" content=\"article\" \/>\n<meta property=\"og:title\" content=\"Configurer un MCP dans GPT pour jouer une AVH Livre jeu avec une IA meneur de jeu - QueFaitesVous\" \/>\n<meta property=\"og:description\" content=\"Ce service est exp\u00e9rimental&#8230; Objectif : vous faire faire jouer une fiction interactive par votre IA L&rsquo;id\u00e9e est que votre Intelligence Artificielle (ici GPT) se transforme en \u00ab\u00a0Ma\u00eetre du Jeu\u00a0\u00bb pour vous faire jouer le r\u00e9cit. Il n&rsquo;est pas possible de donner simplement l&rsquo;enti\u00e8ret\u00e9 d&rsquo;un r\u00e9cit dont vous \u00eates le h\u00e9ros \u00e0 une IA et [&hellip;]\" \/>\n<meta property=\"og:url\" content=\"https:\/\/www.quefaitesvous.com\/blog\/configurer-un-mcp-dans-gpt-pour-jouer-une-avh-livre-jeu-avec-une-ia-meneur-de-jeu\/\" \/>\n<meta property=\"og:site_name\" content=\"QueFaitesVous\" \/>\n<meta property=\"article:modified_time\" content=\"2026-04-08T12:40:13+00:00\" \/>\n<meta property=\"og:image\" content=\"https:\/\/www.quefaitesvous.com\/blog\/wp-content\/uploads\/2026\/04\/mcp-gpt.png\" \/>\n\t<meta property=\"og:image:width\" content=\"452\" \/>\n\t<meta property=\"og:image:height\" content=\"748\" \/>\n\t<meta property=\"og:image:type\" content=\"image\/png\" \/>\n<meta name=\"twitter:card\" content=\"summary_large_image\" \/>\n<meta name=\"twitter:label1\" content=\"Dur\u00e9e de lecture estim\u00e9e\" \/>\n\t<meta name=\"twitter:data1\" content=\"3 minutes\" \/>\n<script type=\"application\/ld+json\" class=\"yoast-schema-graph\">{\"@context\":\"https:\/\/schema.org\",\"@graph\":[{\"@type\":\"WebPage\",\"@id\":\"https:\/\/www.quefaitesvous.com\/blog\/configurer-un-mcp-dans-gpt-pour-jouer-une-avh-livre-jeu-avec-une-ia-meneur-de-jeu\/\",\"url\":\"https:\/\/www.quefaitesvous.com\/blog\/configurer-un-mcp-dans-gpt-pour-jouer-une-avh-livre-jeu-avec-une-ia-meneur-de-jeu\/\",\"name\":\"Configurer un MCP dans GPT pour jouer une AVH Livre jeu avec une IA meneur de jeu - QueFaitesVous\",\"isPartOf\":{\"@id\":\"https:\/\/www.quefaitesvous.com\/blog\/#website\"},\"primaryImageOfPage\":{\"@id\":\"https:\/\/www.quefaitesvous.com\/blog\/configurer-un-mcp-dans-gpt-pour-jouer-une-avh-livre-jeu-avec-une-ia-meneur-de-jeu\/#primaryimage\"},\"image\":{\"@id\":\"https:\/\/www.quefaitesvous.com\/blog\/configurer-un-mcp-dans-gpt-pour-jouer-une-avh-livre-jeu-avec-une-ia-meneur-de-jeu\/#primaryimage\"},\"thumbnailUrl\":\"https:\/\/www.quefaitesvous.com\/blog\/wp-content\/uploads\/2026\/04\/mcp-gpt.png\",\"datePublished\":\"2026-04-08T10:36:31+00:00\",\"dateModified\":\"2026-04-08T12:40:13+00:00\",\"breadcrumb\":{\"@id\":\"https:\/\/www.quefaitesvous.com\/blog\/configurer-un-mcp-dans-gpt-pour-jouer-une-avh-livre-jeu-avec-une-ia-meneur-de-jeu\/#breadcrumb\"},\"inLanguage\":\"fr-FR\",\"potentialAction\":[{\"@type\":\"ReadAction\",\"target\":[\"https:\/\/www.quefaitesvous.com\/blog\/configurer-un-mcp-dans-gpt-pour-jouer-une-avh-livre-jeu-avec-une-ia-meneur-de-jeu\/\"]}]},{\"@type\":\"ImageObject\",\"inLanguage\":\"fr-FR\",\"@id\":\"https:\/\/www.quefaitesvous.com\/blog\/configurer-un-mcp-dans-gpt-pour-jouer-une-avh-livre-jeu-avec-une-ia-meneur-de-jeu\/#primaryimage\",\"url\":\"https:\/\/www.quefaitesvous.com\/blog\/wp-content\/uploads\/2026\/04\/mcp-gpt.png\",\"contentUrl\":\"https:\/\/www.quefaitesvous.com\/blog\/wp-content\/uploads\/2026\/04\/mcp-gpt.png\",\"width\":452,\"height\":748},{\"@type\":\"BreadcrumbList\",\"@id\":\"https:\/\/www.quefaitesvous.com\/blog\/configurer-un-mcp-dans-gpt-pour-jouer-une-avh-livre-jeu-avec-une-ia-meneur-de-jeu\/#breadcrumb\",\"itemListElement\":[{\"@type\":\"ListItem\",\"position\":1,\"name\":\"Accueil\",\"item\":\"https:\/\/www.quefaitesvous.com\/blog\/\"},{\"@type\":\"ListItem\",\"position\":2,\"name\":\"Configurer un MCP dans GPT pour jouer une AVH Livre jeu avec une IA meneur de jeu\"}]},{\"@type\":\"WebSite\",\"@id\":\"https:\/\/www.quefaitesvous.com\/blog\/#website\",\"url\":\"https:\/\/www.quefaitesvous.com\/blog\/\",\"name\":\"QueFaitesVous\",\"description\":\"Des livres dont vous \u00eates le h\u00e9ros moderne\",\"potentialAction\":[{\"@type\":\"SearchAction\",\"target\":{\"@type\":\"EntryPoint\",\"urlTemplate\":\"https:\/\/www.quefaitesvous.com\/blog\/?s={search_term_string}\"},\"query-input\":{\"@type\":\"PropertyValueSpecification\",\"valueRequired\":true,\"valueName\":\"search_term_string\"}}],\"inLanguage\":\"fr-FR\"}]}<\/script>\n<!-- \/ Yoast SEO plugin. -->","yoast_head_json":{"title":"Configurer un MCP dans GPT pour jouer une AVH Livre jeu avec une IA meneur de jeu - QueFaitesVous","robots":{"index":"index","follow":"follow","max-snippet":"max-snippet:-1","max-image-preview":"max-image-preview:large","max-video-preview":"max-video-preview:-1"},"canonical":"https:\/\/www.quefaitesvous.com\/blog\/configurer-un-mcp-dans-gpt-pour-jouer-une-avh-livre-jeu-avec-une-ia-meneur-de-jeu\/","og_locale":"fr_FR","og_type":"article","og_title":"Configurer un MCP dans GPT pour jouer une AVH Livre jeu avec une IA meneur de jeu - QueFaitesVous","og_description":"Ce service est exp\u00e9rimental&#8230; Objectif : vous faire faire jouer une fiction interactive par votre IA L&rsquo;id\u00e9e est que votre Intelligence Artificielle (ici GPT) se transforme en \u00ab\u00a0Ma\u00eetre du Jeu\u00a0\u00bb pour vous faire jouer le r\u00e9cit. Il n&rsquo;est pas possible de donner simplement l&rsquo;enti\u00e8ret\u00e9 d&rsquo;un r\u00e9cit dont vous \u00eates le h\u00e9ros \u00e0 une IA et [&hellip;]","og_url":"https:\/\/www.quefaitesvous.com\/blog\/configurer-un-mcp-dans-gpt-pour-jouer-une-avh-livre-jeu-avec-une-ia-meneur-de-jeu\/","og_site_name":"QueFaitesVous","article_modified_time":"2026-04-08T12:40:13+00:00","og_image":[{"width":452,"height":748,"url":"https:\/\/www.quefaitesvous.com\/blog\/wp-content\/uploads\/2026\/04\/mcp-gpt.png","type":"image\/png"}],"twitter_card":"summary_large_image","twitter_misc":{"Dur\u00e9e de lecture estim\u00e9e":"3 minutes"},"schema":{"@context":"https:\/\/schema.org","@graph":[{"@type":"WebPage","@id":"https:\/\/www.quefaitesvous.com\/blog\/configurer-un-mcp-dans-gpt-pour-jouer-une-avh-livre-jeu-avec-une-ia-meneur-de-jeu\/","url":"https:\/\/www.quefaitesvous.com\/blog\/configurer-un-mcp-dans-gpt-pour-jouer-une-avh-livre-jeu-avec-une-ia-meneur-de-jeu\/","name":"Configurer un MCP dans GPT pour jouer une AVH Livre jeu avec une IA meneur de jeu - QueFaitesVous","isPartOf":{"@id":"https:\/\/www.quefaitesvous.com\/blog\/#website"},"primaryImageOfPage":{"@id":"https:\/\/www.quefaitesvous.com\/blog\/configurer-un-mcp-dans-gpt-pour-jouer-une-avh-livre-jeu-avec-une-ia-meneur-de-jeu\/#primaryimage"},"image":{"@id":"https:\/\/www.quefaitesvous.com\/blog\/configurer-un-mcp-dans-gpt-pour-jouer-une-avh-livre-jeu-avec-une-ia-meneur-de-jeu\/#primaryimage"},"thumbnailUrl":"https:\/\/www.quefaitesvous.com\/blog\/wp-content\/uploads\/2026\/04\/mcp-gpt.png","datePublished":"2026-04-08T10:36:31+00:00","dateModified":"2026-04-08T12:40:13+00:00","breadcrumb":{"@id":"https:\/\/www.quefaitesvous.com\/blog\/configurer-un-mcp-dans-gpt-pour-jouer-une-avh-livre-jeu-avec-une-ia-meneur-de-jeu\/#breadcrumb"},"inLanguage":"fr-FR","potentialAction":[{"@type":"ReadAction","target":["https:\/\/www.quefaitesvous.com\/blog\/configurer-un-mcp-dans-gpt-pour-jouer-une-avh-livre-jeu-avec-une-ia-meneur-de-jeu\/"]}]},{"@type":"ImageObject","inLanguage":"fr-FR","@id":"https:\/\/www.quefaitesvous.com\/blog\/configurer-un-mcp-dans-gpt-pour-jouer-une-avh-livre-jeu-avec-une-ia-meneur-de-jeu\/#primaryimage","url":"https:\/\/www.quefaitesvous.com\/blog\/wp-content\/uploads\/2026\/04\/mcp-gpt.png","contentUrl":"https:\/\/www.quefaitesvous.com\/blog\/wp-content\/uploads\/2026\/04\/mcp-gpt.png","width":452,"height":748},{"@type":"BreadcrumbList","@id":"https:\/\/www.quefaitesvous.com\/blog\/configurer-un-mcp-dans-gpt-pour-jouer-une-avh-livre-jeu-avec-une-ia-meneur-de-jeu\/#breadcrumb","itemListElement":[{"@type":"ListItem","position":1,"name":"Accueil","item":"https:\/\/www.quefaitesvous.com\/blog\/"},{"@type":"ListItem","position":2,"name":"Configurer un MCP dans GPT pour jouer une AVH Livre jeu avec une IA meneur de jeu"}]},{"@type":"WebSite","@id":"https:\/\/www.quefaitesvous.com\/blog\/#website","url":"https:\/\/www.quefaitesvous.com\/blog\/","name":"QueFaitesVous","description":"Des livres dont vous \u00eates le h\u00e9ros moderne","potentialAction":[{"@type":"SearchAction","target":{"@type":"EntryPoint","urlTemplate":"https:\/\/www.quefaitesvous.com\/blog\/?s={search_term_string}"},"query-input":{"@type":"PropertyValueSpecification","valueRequired":true,"valueName":"search_term_string"}}],"inLanguage":"fr-FR"}]}},"_links":{"self":[{"href":"https:\/\/www.quefaitesvous.com\/blog\/wp-json\/wp\/v2\/pages\/1328","targetHints":{"allow":["GET"]}}],"collection":[{"href":"https:\/\/www.quefaitesvous.com\/blog\/wp-json\/wp\/v2\/pages"}],"about":[{"href":"https:\/\/www.quefaitesvous.com\/blog\/wp-json\/wp\/v2\/types\/page"}],"author":[{"embeddable":true,"href":"https:\/\/www.quefaitesvous.com\/blog\/wp-json\/wp\/v2\/users\/1"}],"replies":[{"embeddable":true,"href":"https:\/\/www.quefaitesvous.com\/blog\/wp-json\/wp\/v2\/comments?post=1328"}],"version-history":[{"count":5,"href":"https:\/\/www.quefaitesvous.com\/blog\/wp-json\/wp\/v2\/pages\/1328\/revisions"}],"predecessor-version":[{"id":1335,"href":"https:\/\/www.quefaitesvous.com\/blog\/wp-json\/wp\/v2\/pages\/1328\/revisions\/1335"}],"wp:attachment":[{"href":"https:\/\/www.quefaitesvous.com\/blog\/wp-json\/wp\/v2\/media?parent=1328"}],"curies":[{"name":"wp","href":"https:\/\/api.w.org\/{rel}","templated":true}]}}