{"id":51,"date":"2022-03-06T11:39:25","date_gmt":"2022-03-06T10:39:25","guid":{"rendered":"https:\/\/www.quefaitesvous.com\/blog\/?page_id=51"},"modified":"2026-02-20T12:09:32","modified_gmt":"2026-02-20T11:09:32","slug":"interface-auteur","status":"publish","type":"page","link":"https:\/\/www.quefaitesvous.com\/blog\/interface-auteur\/","title":{"rendered":"Interface auteur"},"content":{"rendered":"[vc_row][vc_column][vc_column_text]Voici une pr\u00e9sentation de l&rsquo;\u00e9diteur pour cr\u00e9er vos fictions interactives :[\/vc_column_text][vc_video link=\u00a0\u00bbhttps:\/\/youtu.be\/KiQx9vzT8Yw\u00a0\u00bb][\/vc_column][\/vc_row]\n","protected":false},"excerpt":{"rendered":"<p>[vc_row][vc_column][vc_column_text]Voici une pr\u00e9sentation de l&rsquo;\u00e9diteur pour cr\u00e9er vos fictions interactives :[\/vc_column_text][vc_video link=\u00a0\u00bbhttps:\/\/youtu.be\/KiQx9vzT8Yw\u00a0\u00bb][\/vc_column][\/vc_row]<\/p>\n","protected":false},"author":1,"featured_media":0,"parent":0,"menu_order":0,"comment_status":"closed","ping_status":"closed","template":"","meta":{"footnotes":""},"class_list":["post-51","page","type-page","status-publish","hentry"],"yoast_head":"<!-- This site is optimized with the Yoast SEO plugin v26.5 - https:\/\/yoast.com\/wordpress\/plugins\/seo\/ -->\n<title>Interface auteur - QueFaitesVous<\/title>\n<meta name=\"robots\" content=\"index, follow, max-snippet:-1, max-image-preview:large, max-video-preview:-1\" \/>\n<link rel=\"canonical\" href=\"https:\/\/www.quefaitesvous.com\/blog\/interface-auteur\/\" \/>\n<meta property=\"og:locale\" content=\"fr_FR\" \/>\n<meta property=\"og:type\" content=\"article\" \/>\n<meta property=\"og:title\" content=\"Interface auteur - QueFaitesVous\" \/>\n<meta property=\"og:description\" content=\"[vc_row][vc_column][vc_column_text]Voici une pr\u00e9sentation de l&rsquo;\u00e9diteur pour cr\u00e9er vos fictions interactives :[\/vc_column_text][vc_video link=\u00a0\u00bbhttps:\/\/youtu.be\/KiQx9vzT8Yw\u00a0\u00bb][\/vc_column][\/vc_row]\" \/>\n<meta property=\"og:url\" content=\"https:\/\/www.quefaitesvous.com\/blog\/interface-auteur\/\" \/>\n<meta property=\"og:site_name\" content=\"QueFaitesVous\" \/>\n<meta property=\"article:modified_time\" content=\"2026-02-20T11:09:32+00:00\" \/>\n<meta name=\"twitter:card\" content=\"summary_large_image\" \/>\n<meta name=\"twitter:label1\" content=\"Dur\u00e9e de lecture estim\u00e9e\" \/>\n\t<meta name=\"twitter:data1\" content=\"1 minute\" \/>\n<script type=\"application\/ld+json\" class=\"yoast-schema-graph\">{\"@context\":\"https:\/\/schema.org\",\"@graph\":[{\"@type\":\"WebPage\",\"@id\":\"https:\/\/www.quefaitesvous.com\/blog\/interface-auteur\/\",\"url\":\"https:\/\/www.quefaitesvous.com\/blog\/interface-auteur\/\",\"name\":\"Interface auteur - QueFaitesVous\",\"isPartOf\":{\"@id\":\"https:\/\/www.quefaitesvous.com\/blog\/#website\"},\"datePublished\":\"2022-03-06T10:39:25+00:00\",\"dateModified\":\"2026-02-20T11:09:32+00:00\",\"breadcrumb\":{\"@id\":\"https:\/\/www.quefaitesvous.com\/blog\/interface-auteur\/#breadcrumb\"},\"inLanguage\":\"fr-FR\",\"potentialAction\":[{\"@type\":\"ReadAction\",\"target\":[\"https:\/\/www.quefaitesvous.com\/blog\/interface-auteur\/\"]}]},{\"@type\":\"BreadcrumbList\",\"@id\":\"https:\/\/www.quefaitesvous.com\/blog\/interface-auteur\/#breadcrumb\",\"itemListElement\":[{\"@type\":\"ListItem\",\"position\":1,\"name\":\"Accueil\",\"item\":\"https:\/\/www.quefaitesvous.com\/blog\/\"},{\"@type\":\"ListItem\",\"position\":2,\"name\":\"Interface auteur\"}]},{\"@type\":\"WebSite\",\"@id\":\"https:\/\/www.quefaitesvous.com\/blog\/#website\",\"url\":\"https:\/\/www.quefaitesvous.com\/blog\/\",\"name\":\"QueFaitesVous\",\"description\":\"Des livres dont vous \u00eates le h\u00e9ros moderne\",\"potentialAction\":[{\"@type\":\"SearchAction\",\"target\":{\"@type\":\"EntryPoint\",\"urlTemplate\":\"https:\/\/www.quefaitesvous.com\/blog\/?s={search_term_string}\"},\"query-input\":{\"@type\":\"PropertyValueSpecification\",\"valueRequired\":true,\"valueName\":\"search_term_string\"}}],\"inLanguage\":\"fr-FR\"}]}<\/script>\n<!-- \/ Yoast SEO plugin. -->","yoast_head_json":{"title":"Interface auteur - QueFaitesVous","robots":{"index":"index","follow":"follow","max-snippet":"max-snippet:-1","max-image-preview":"max-image-preview:large","max-video-preview":"max-video-preview:-1"},"canonical":"https:\/\/www.quefaitesvous.com\/blog\/interface-auteur\/","og_locale":"fr_FR","og_type":"article","og_title":"Interface auteur - QueFaitesVous","og_description":"[vc_row][vc_column][vc_column_text]Voici une pr\u00e9sentation de l&rsquo;\u00e9diteur pour cr\u00e9er vos fictions interactives :[\/vc_column_text][vc_video link=\u00a0\u00bbhttps:\/\/youtu.be\/KiQx9vzT8Yw\u00a0\u00bb][\/vc_column][\/vc_row]","og_url":"https:\/\/www.quefaitesvous.com\/blog\/interface-auteur\/","og_site_name":"QueFaitesVous","article_modified_time":"2026-02-20T11:09:32+00:00","twitter_card":"summary_large_image","twitter_misc":{"Dur\u00e9e de lecture estim\u00e9e":"1 minute"},"schema":{"@context":"https:\/\/schema.org","@graph":[{"@type":"WebPage","@id":"https:\/\/www.quefaitesvous.com\/blog\/interface-auteur\/","url":"https:\/\/www.quefaitesvous.com\/blog\/interface-auteur\/","name":"Interface auteur - QueFaitesVous","isPartOf":{"@id":"https:\/\/www.quefaitesvous.com\/blog\/#website"},"datePublished":"2022-03-06T10:39:25+00:00","dateModified":"2026-02-20T11:09:32+00:00","breadcrumb":{"@id":"https:\/\/www.quefaitesvous.com\/blog\/interface-auteur\/#breadcrumb"},"inLanguage":"fr-FR","potentialAction":[{"@type":"ReadAction","target":["https:\/\/www.quefaitesvous.com\/blog\/interface-auteur\/"]}]},{"@type":"BreadcrumbList","@id":"https:\/\/www.quefaitesvous.com\/blog\/interface-auteur\/#breadcrumb","itemListElement":[{"@type":"ListItem","position":1,"name":"Accueil","item":"https:\/\/www.quefaitesvous.com\/blog\/"},{"@type":"ListItem","position":2,"name":"Interface auteur"}]},{"@type":"WebSite","@id":"https:\/\/www.quefaitesvous.com\/blog\/#website","url":"https:\/\/www.quefaitesvous.com\/blog\/","name":"QueFaitesVous","description":"Des livres dont vous \u00eates le h\u00e9ros moderne","potentialAction":[{"@type":"SearchAction","target":{"@type":"EntryPoint","urlTemplate":"https:\/\/www.quefaitesvous.com\/blog\/?s={search_term_string}"},"query-input":{"@type":"PropertyValueSpecification","valueRequired":true,"valueName":"search_term_string"}}],"inLanguage":"fr-FR"}]}},"_links":{"self":[{"href":"https:\/\/www.quefaitesvous.com\/blog\/wp-json\/wp\/v2\/pages\/51","targetHints":{"allow":["GET"]}}],"collection":[{"href":"https:\/\/www.quefaitesvous.com\/blog\/wp-json\/wp\/v2\/pages"}],"about":[{"href":"https:\/\/www.quefaitesvous.com\/blog\/wp-json\/wp\/v2\/types\/page"}],"author":[{"embeddable":true,"href":"https:\/\/www.quefaitesvous.com\/blog\/wp-json\/wp\/v2\/users\/1"}],"replies":[{"embeddable":true,"href":"https:\/\/www.quefaitesvous.com\/blog\/wp-json\/wp\/v2\/comments?post=51"}],"version-history":[{"count":7,"href":"https:\/\/www.quefaitesvous.com\/blog\/wp-json\/wp\/v2\/pages\/51\/revisions"}],"predecessor-version":[{"id":801,"href":"https:\/\/www.quefaitesvous.com\/blog\/wp-json\/wp\/v2\/pages\/51\/revisions\/801"}],"wp:attachment":[{"href":"https:\/\/www.quefaitesvous.com\/blog\/wp-json\/wp\/v2\/media?parent=51"}],"curies":[{"name":"wp","href":"https:\/\/api.w.org\/{rel}","templated":true}]}}